{"id":1194,"date":"2023-09-15T09:33:56","date_gmt":"2023-09-15T12:33:56","guid":{"rendered":"http:\/\/muquecarestaurante.com.br\/?page_id=1194"},"modified":"2024-09-09T10:11:19","modified_gmt":"2024-09-09T13:11:19","slug":"patients-2","status":"publish","type":"page","link":"https:\/\/muquecarestaurante.com.br\/?page_id=1194","title":{"rendered":"Peixes e Frutos do Mar"},"content":{"rendered":"<section class=\"wpb-content-wrapper\">[vc_row content_placement=&#8221;middle&#8221; parallax=&#8221;content-moving-fade&#8221; parallax_image=&#8221;1243&#8243; css_animation=&#8221;fadeIn&#8221; curly_bg_parallax=&#8221;true&#8221;][vc_column css=&#8221;.vc_custom_1694783834725{margin-right: 20px !important;margin-left: 20px !important;}&#8221;][vc_column_text css=&#8221;.vc_custom_1702305980721{margin-right: 15px !important;}&#8221;]\n<h2 class=\"special-title\" style=\"text-align: center;\"><strong> Peixes e Frutos do Mar<\/strong><\/h2>\n<h6 style=\"text-align: center;\"><strong>Pratos \u00e0 La Carte<\/strong><\/h6>\n<h6 style=\"text-align: center;\">Servidos Todos os Dias<\/h6>\n<h6 style=\"text-align: center;\">Almo\u00e7o e Jantar<\/h6>\n[\/vc_column_text][\/vc_column][\/vc_row][vc_row full_width=&#8221;stretch_row&#8221; equal_height=&#8221;yes&#8221; content_placement=&#8221;top&#8221; css=&#8221;.vc_custom_1694783005170{margin-top: 0px !important;margin-right: 25px !important;margin-left: 25px !important;background-color: #f2f2f2 !important;}&#8221;][vc_column width=&#8221;1\/4&#8243; css=&#8221;.vc_custom_1694636627500{margin-top: 37px !important;}&#8221;][vc_single_image image=&#8221;2174&#8243; img_size=&#8221;m\u00e9dia&#8221; alignment=&#8221;center&#8221; style=&#8221;vc_box_outline_circle_2&#8243; onclick=&#8221;zoom&#8221; css_animation=&#8221;zoomIn&#8221;][vc_column_text]\n<p style=\"text-align: center;\"><strong>Moqueca Especial<\/strong><br \/>\nAbadejo e camar\u00f5es cozidos ao molho de tomate, leite de coco, azeite de dend\u00ea, piment\u00f5es e cebolas.<br \/>\nAcompanha pir\u00e3o de peixe, farofa de dend\u00ea e arroz.<\/p>\n[\/vc_column_text][\/vc_column][vc_column parallax=&#8221;content-moving-fade&#8221; css_animation=&#8221;bounceInUp&#8221; width=&#8221;1\/4&#8243; curly_bg_position=&#8221;bg-pos-center-center&#8221; curly_padding=&#8221;content-padding-xs&#8221;][vc_single_image image=&#8221;2175&#8243; img_size=&#8221;m\u00e9dia&#8221; alignment=&#8221;center&#8221; style=&#8221;vc_box_outline_circle_2&#8243; onclick=&#8221;zoom&#8221; css_animation=&#8221;zoomIn&#8221;][vc_column_text]\n<p style=\"text-align: center;\"><strong>Moqueca de Abadejo<\/strong><br \/>\nAbadejo cozido ao molho de tomate, leite de coco, azeite de dend\u00ea, piment\u00f5es e cebola. Acompanha pir\u00e3o de peixe, farofa de dend\u00ea e arroz branco.[\/vc_column_text][\/vc_column][vc_column width=&#8221;1\/4&#8243; css=&#8221;.vc_custom_1694636583213{margin-top: 37px !important;}&#8221;][vc_single_image image=&#8221;1179&#8243; img_size=&#8221;m\u00e9dia&#8221; alignment=&#8221;center&#8221; style=&#8221;vc_box_outline_circle_2&#8243; onclick=&#8221;zoom&#8221; css_animation=&#8221;zoomIn&#8221;][vc_column_text]\n<p style=\"text-align: center;\"><strong>Moqueca de Abadejo com Camar\u00e3o<\/strong><br \/>\nAbadejo cozido com camar\u00f5es ao molho de tomate, leite de coco, azeite de dend\u00ea, piment\u00f5es e cebolas. Acompanha pir\u00e3o de peixe, farofa de dend\u00ea e arroz branco.[\/vc_column_text][\/vc_column][vc_column width=&#8221;1\/4&#8243; css=&#8221;.vc_custom_1694636680662{margin-top: 37px !important;}&#8221;][vc_single_image image=&#8221;1093&#8243; img_size=&#8221;m\u00e9dia&#8221; alignment=&#8221;center&#8221; style=&#8221;vc_box_outline_circle_2&#8243; onclick=&#8221;zoom&#8221; css_animation=&#8221;zoomIn&#8221;][vc_column_text]\n<p style=\"text-align: center;\"><b>Abadejo \u00e0 Baiana<\/b><br \/>\nAbadejo cozido com camar\u00f5es ao molho de tomate, leite de coco, azeite de dend\u00ea, cebolas, piment\u00f5es picados e pimenta. Acompanha batatas fritas e arroz branco.[\/vc_column_text][\/vc_column][\/vc_row][vc_row full_width=&#8221;stretch_row&#8221; equal_height=&#8221;yes&#8221; content_placement=&#8221;top&#8221; css=&#8221;.vc_custom_1694783005170{margin-top: 0px !important;margin-right: 25px !important;margin-left: 25px !important;background-color: #f2f2f2 !important;}&#8221;][vc_column parallax=&#8221;content-moving-fade&#8221; css_animation=&#8221;bounceInUp&#8221; width=&#8221;1\/4&#8243; curly_bg_position=&#8221;bg-pos-center-center&#8221; curly_padding=&#8221;content-padding-xs&#8221;][vc_single_image image=&#8221;1039&#8243; img_size=&#8221;m\u00e9dia&#8221; alignment=&#8221;center&#8221; style=&#8221;vc_box_outline_circle_2&#8243; onclick=&#8221;zoom&#8221; css_animation=&#8221;zoomIn&#8221;][vc_column_text]\n<p style=\"text-align: center;\"><strong>Risoto com Frutos do Mar<\/strong><br \/>\nRisoto com creme de leite, a\u00e7afr\u00e3o, lula, polvo, mariscos, v\u00f4ngoles, camar\u00f5es e ervilhas.[\/vc_column_text][\/vc_column][vc_column width=&#8221;1\/4&#8243; css=&#8221;.vc_custom_1694636583213{margin-top: 37px !important;}&#8221;][vc_single_image image=&#8221;1034&#8243; img_size=&#8221;m\u00e9dia&#8221; alignment=&#8221;center&#8221; style=&#8221;vc_box_outline_circle_2&#8243; onclick=&#8221;zoom&#8221; css_animation=&#8221;zoomIn&#8221;][vc_column_text]\n<p style=\"text-align: center;\"><strong>Espaguetti com Frutos do Mar<\/strong><br \/>\nEspaguetti ao molho sugo, molho branco com creme de leite e a\u00e7afr\u00e3o, lula, polvo, camar\u00f5es, mariscos e v\u00f4ngoles.[\/vc_column_text][\/vc_column][vc_column width=&#8221;1\/4&#8243; css=&#8221;.vc_custom_1694636627500{margin-top: 37px !important;}&#8221;][vc_single_image image=&#8221;1046&#8243; img_size=&#8221;m\u00e9dia&#8221; alignment=&#8221;center&#8221; style=&#8221;vc_box_outline_circle_2&#8243; onclick=&#8221;zoom&#8221; css_animation=&#8221;zoomIn&#8221;][vc_column_text]\n<p style=\"text-align: center;\"><strong>Pescada Grelhada<\/strong><br \/>\nPescada grelhada. Acompanha arroz de br\u00f3colis com alho frito.[\/vc_column_text][\/vc_column][vc_column width=&#8221;1\/4&#8243; css=&#8221;.vc_custom_1694636680662{margin-top: 37px !important;}&#8221;][vc_single_image image=&#8221;1104&#8243; img_size=&#8221;m\u00e9dia&#8221; alignment=&#8221;center&#8221; style=&#8221;vc_box_outline_circle_2&#8243; onclick=&#8221;zoom&#8221; css_animation=&#8221;zoomIn&#8221;][vc_column_text]\n<p style=\"text-align: center;\"><b>Linguado ao Molho Maracuj\u00e1<\/b><br \/>\nLinguado grelhado ao molho maracuj\u00e1. Acompanha batata saut\u00e9e e arroz branco.[\/vc_column_text][\/vc_column][\/vc_row][vc_row full_width=&#8221;stretch_row&#8221; equal_height=&#8221;yes&#8221; content_placement=&#8221;top&#8221; css=&#8221;.vc_custom_1694783005170{margin-top: 0px !important;margin-right: 25px !important;margin-left: 25px !important;background-color: #f2f2f2 !important;}&#8221;][vc_column parallax=&#8221;content-moving-fade&#8221; css_animation=&#8221;bounceInUp&#8221; width=&#8221;1\/4&#8243; curly_bg_position=&#8221;bg-pos-center-center&#8221; curly_padding=&#8221;content-padding-xs&#8221;][vc_single_image image=&#8221;1107&#8243; img_size=&#8221;m\u00e9dia&#8221; alignment=&#8221;center&#8221; style=&#8221;vc_box_outline_circle_2&#8243; onclick=&#8221;zoom&#8221; css_animation=&#8221;zoomIn&#8221;][vc_column_text]\n<p style=\"text-align: center;\"><strong>Linguado \u00e0 Cubana<\/strong><br \/>\nLinguado \u00e0 milanesa. Acompanha banana, palmito, abacaxi \u00e0 milanesa, batatas fritas e arroz \u00e0 grega.[\/vc_column_text][\/vc_column][vc_column width=&#8221;1\/4&#8243; css=&#8221;.vc_custom_1694636583213{margin-top: 37px !important;}&#8221;][vc_single_image image=&#8221;1044&#8243; img_size=&#8221;m\u00e9dia&#8221; alignment=&#8221;center&#8221; style=&#8221;vc_box_outline_circle_2&#8243; onclick=&#8221;zoom&#8221; css_animation=&#8221;zoomIn&#8221;][vc_column_text]\n<p style=\"text-align: center;\"><strong>Linguado ao Molho Laranja<\/strong><br \/>\nLinguado grelhado ao molho laranja. Risoto de alho por\u00f3.[\/vc_column_text][\/vc_column][vc_column width=&#8221;1\/4&#8243; css=&#8221;.vc_custom_1694636627500{margin-top: 37px !important;}&#8221;][vc_single_image image=&#8221;1105&#8243; img_size=&#8221;m\u00e9dia&#8221; alignment=&#8221;center&#8221; style=&#8221;vc_box_outline_circle_2&#8243; onclick=&#8221;zoom&#8221; css_animation=&#8221;zoomIn&#8221;][vc_column_text]\n<p style=\"text-align: center;\"><strong>Linguado Mediterr\u00e2neo<\/strong><br \/>\nFeito no azeite, alcaparras, tomate seco, azeitonas e ervas. Risoto de abobrinha.[\/vc_column_text][\/vc_column][vc_column width=&#8221;1\/4&#8243; css=&#8221;.vc_custom_1694636680662{margin-top: 37px !important;}&#8221;][vc_single_image image=&#8221;1115&#8243; img_size=&#8221;m\u00e9dia&#8221; alignment=&#8221;center&#8221; style=&#8221;vc_box_outline_circle_2&#8243; onclick=&#8221;zoom&#8221; css_animation=&#8221;zoomIn&#8221;][vc_column_text]\n<p style=\"text-align: center;\"><b>Pescada \u00e0 Dor\u00ea<\/b><br \/>\nPescada empanada e frita com molho ao sugo e camar\u00f5es. Acompanha pur\u00ea de batata e arroz branco.[\/vc_column_text][\/vc_column][\/vc_row][vc_row full_width=&#8221;stretch_row&#8221; equal_height=&#8221;yes&#8221; content_placement=&#8221;top&#8221; css=&#8221;.vc_custom_1694783005170{margin-top: 0px !important;margin-right: 25px !important;margin-left: 25px !important;background-color: #f2f2f2 !important;}&#8221;][vc_column parallax=&#8221;content-moving-fade&#8221; css_animation=&#8221;bounceInUp&#8221; width=&#8221;1\/4&#8243; curly_bg_position=&#8221;bg-pos-center-center&#8221; curly_padding=&#8221;content-padding-xs&#8221;][vc_single_image image=&#8221;1239&#8243; img_size=&#8221;m\u00e9dia&#8221; alignment=&#8221;center&#8221; style=&#8221;vc_box_outline_circle_2&#8243; onclick=&#8221;zoom&#8221; css_animation=&#8221;zoomIn&#8221;][vc_column_text]\n<p style=\"text-align: center;\"><strong>Peixada de Frutos do Mar<\/strong><br \/>\nLula, polvo, mariscos, v\u00f4ngoles, camar\u00f5es e batatas cozidas ao molho catupiry com parmes\u00e3o gratinados ao forno. Acompanha abadejos grelhados e arroz de br\u00f3colis com alho frito.[\/vc_column_text][\/vc_column][vc_column width=&#8221;1\/4&#8243; css=&#8221;.vc_custom_1694636583213{margin-top: 37px !important;}&#8221;][vc_single_image image=&#8221;1043&#8243; img_size=&#8221;m\u00e9dia&#8221; alignment=&#8221;center&#8221; style=&#8221;vc_box_outline_circle_2&#8243; onclick=&#8221;zoom&#8221; css_animation=&#8221;zoomIn&#8221;][vc_column_text]\n<p style=\"text-align: center;\"><strong>Linguado ao Molho Champagne com Camar\u00e3o<\/strong><br \/>\nRisoto de alho por\u00f3.[\/vc_column_text][\/vc_column][vc_column width=&#8221;1\/4&#8243; css=&#8221;.vc_custom_1694636627500{margin-top: 37px !important;}&#8221;][vc_single_image image=&#8221;1040&#8243; img_size=&#8221;m\u00e9dia&#8221; alignment=&#8221;center&#8221; style=&#8221;vc_box_outline_circle_2&#8243; onclick=&#8221;zoom&#8221; css_animation=&#8221;zoomIn&#8221;][vc_column_text]\n<p style=\"text-align: center;\"><strong>Abadejo \u00e0 Dor\u00ea ao Molho Mediterr\u00e2neo<\/strong><br \/>\nAbadejo empanado, ao molho feito no azeite com alcaparras, tomate seco, azeitonas e ervas. Risoto de abobrinha.[\/vc_column_text][\/vc_column][vc_column width=&#8221;1\/4&#8243; css=&#8221;.vc_custom_1694636680662{margin-top: 37px !important;}&#8221;][vc_single_image image=&#8221;1240&#8243; img_size=&#8221;m\u00e9dia&#8221; alignment=&#8221;center&#8221; style=&#8221;vc_box_outline_circle_2&#8243; onclick=&#8221;zoom&#8221; css_animation=&#8221;zoomIn&#8221;][vc_column_text]\n<p style=\"text-align: center;\"><b>Abadejo na Telha<\/b><br \/>\nAbadejo cozido com camar\u00f5es pequenos ao molho de tomate, cebolas, azeitonas verdes e batatas cozidas. Acompanha pur\u00ea de batata e arroz branco.[\/vc_column_text][\/vc_column][\/vc_row][vc_row full_width=&#8221;stretch_row&#8221; equal_height=&#8221;yes&#8221; content_placement=&#8221;top&#8221; css=&#8221;.vc_custom_1694783005170{margin-top: 0px !important;margin-right: 25px !important;margin-left: 25px !important;background-color: #f2f2f2 !important;}&#8221;][vc_column parallax=&#8221;content-moving-fade&#8221; css_animation=&#8221;bounceInUp&#8221; width=&#8221;1\/4&#8243; curly_bg_position=&#8221;bg-pos-center-center&#8221; curly_padding=&#8221;content-padding-xs&#8221;][vc_single_image image=&#8221;295&#8243; img_size=&#8221;m\u00e9dia&#8221; alignment=&#8221;center&#8221; style=&#8221;vc_box_outline_circle_2&#8243; onclick=&#8221;zoom&#8221; css_animation=&#8221;zoomIn&#8221;][vc_column_text]\n<p style=\"text-align: center;\"><strong>Caldeirada de Frutos do Mar<\/strong><br \/>\nAbadejo, polvo, lula, mariscos e v\u00f4ngoles cozidos com camar\u00f5es ao molho de tomate, leite de coco e azeite. Acompanha pir\u00e3o de peixe, farofa de dend\u00ea e arroz branco.[\/vc_column_text][\/vc_column][\/vc_row][vc_row full_width=&#8221;stretch_row&#8221; curly_padding=&#8221;content-padding-xs&#8221; el_class=&#8221;color&#8211;text-inverted xtd-background-animation&#8211;left-right&#8221; css=&#8221;.vc_custom_1694784274463{background: #dd9933 url(http:\/\/localhost\/dentist\/wp-content\/uploads\/sites\/20\/2017\/06\/Seamlessteethlight-bluepattern_d9c7faf5-9516-4c8b-af46-05a4aa273320-2.png?id=283) !important;}&#8221;][vc_column][vc_column_text]\n<h6 style=\"text-align: center;\"><strong>CONTATOS e RESERVAS<\/strong><\/h6>\n<p style=\"text-align: center;\"><strong>Tels:\u00a0<\/strong> 19 3885-0866 e 19 3885-0833<br \/>\n<strong>Whatsapp:\u00a0<\/strong> 19 3885-0866 (somente para mensagem)<br \/>\nE-mail: <a href=\"http:\/\/&quot;mailto:mqcindaiatuba@gmail.com&quot;\">mqcindaiatuba@gmail.com<\/a><\/p>\n[\/vc_column_text][\/vc_column][\/vc_row][vc_row xtender_is_modal=&#8221;true&#8221; el_id=&#8221;modal&#8221;][vc_column][vc_column_text][ninja_form id=&#8221;1&#8243;][\/vc_column_text][\/vc_column][\/vc_row][vc_row][vc_column][vc_column_text][\/vc_column_text][\/vc_column][\/vc_row]\n<\/section>","protected":false},"excerpt":{"rendered":"<p>[vc_row content_placement=&#8221;middle&#8221; parallax=&#8221;content-moving-fade&#8221; parallax_image=&#8221;1243&#8243; css_animation=&#8221;fadeIn&#8221; curly_bg_parallax=&#8221;true&#8221;][vc_column css=&#8221;.vc_custom_1694783834725{margin-right: 20px !important;margin-left: 20px !important;}&#8221;][vc_column_text css=&#8221;.vc_custom_1702305980721{margin-right: 15px !important;}&#8221;] Peixes e Frutos do Mar Pratos \u00e0 La Carte Servidos Todos os Dias Almo\u00e7o e Jantar [\/vc_column_text][\/vc_column][\/vc_row][vc_row full_width=&#8221;stretch_row&#8221; equal_height=&#8221;yes&#8221; content_placement=&#8221;top&#8221; css=&#8221;.vc_custom_1694783005170{margin-top: 0px !important;margin-right: 25px !important;margin-left: 25px !important;background-color: #f2f2f2 !important;}&#8221;][vc_column width=&#8221;1\/4&#8243; css=&#8221;.vc_custom_1694636627500{margin-top: 37px !important;}&#8221;][vc_single_image image=&#8221;2174&#8243; img_size=&#8221;m\u00e9dia&#8221; alignment=&#8221;center&#8221; style=&#8221;vc_box_outline_circle_2&#8243; onclick=&#8221;zoom&#8221; css_animation=&#8221;zoomIn&#8221;][vc_column_text] Moqueca Especial Abadejo e camar\u00f5es cozidos ao [&hellip;]<\/p>\n","protected":false},"author":1,"featured_media":0,"parent":0,"menu_order":0,"comment_status":"closed","ping_status":"closed","template":"","meta":{"inline_featured_image":false},"_links":{"self":[{"href":"https:\/\/muquecarestaurante.com.br\/index.php?rest_route=\/wp\/v2\/pages\/1194"}],"collection":[{"href":"https:\/\/muquecarestaurante.com.br\/index.php?rest_route=\/wp\/v2\/pages"}],"about":[{"href":"https:\/\/muquecarestaurante.com.br\/index.php?rest_route=\/wp\/v2\/types\/page"}],"author":[{"embeddable":true,"href":"https:\/\/muquecarestaurante.com.br\/index.php?rest_route=\/wp\/v2\/users\/1"}],"replies":[{"embeddable":true,"href":"https:\/\/muquecarestaurante.com.br\/index.php?rest_route=%2Fwp%2Fv2%2Fcomments&post=1194"}],"version-history":[{"count":47,"href":"https:\/\/muquecarestaurante.com.br\/index.php?rest_route=\/wp\/v2\/pages\/1194\/revisions"}],"predecessor-version":[{"id":2184,"href":"https:\/\/muquecarestaurante.com.br\/index.php?rest_route=\/wp\/v2\/pages\/1194\/revisions\/2184"}],"wp:attachment":[{"href":"https:\/\/muquecarestaurante.com.br\/index.php?rest_route=%2Fwp%2Fv2%2Fmedia&parent=1194"}],"curies":[{"name":"wp","href":"https:\/\/api.w.org\/{rel}","templated":true}]}}