{"id":1710,"date":"2023-10-11T10:18:55","date_gmt":"2023-10-11T13:18:55","guid":{"rendered":"https:\/\/muquecarestaurante.com.br\/?page_id=1710"},"modified":"2024-01-17T10:19:56","modified_gmt":"2024-01-17T13:19:56","slug":"patients-2-3","status":"publish","type":"page","link":"https:\/\/muquecarestaurante.com.br\/?page_id=1710","title":{"rendered":"Camar\u00e3o"},"content":{"rendered":"<section class=\"wpb-content-wrapper\">[vc_row content_placement=&#8221;middle&#8221; parallax=&#8221;content-moving-fade&#8221; parallax_image=&#8221;1718&#8243; css_animation=&#8221;fadeIn&#8221; curly_bg_parallax=&#8221;true&#8221;][vc_column css=&#8221;.vc_custom_1694783834725{margin-right: 20px !important;margin-left: 20px !important;}&#8221;][vc_column_text css=&#8221;.vc_custom_1702306014704{margin-right: 15px !important;}&#8221;]\n<h2 class=\"special-title\" style=\"text-align: center;\"><strong> Camar\u00e3o<\/strong><\/h2>\n<h6 style=\"text-align: center;\"><strong>Pratos \u00e0 La Carte<\/strong><\/h6>\n<h6 style=\"text-align: center;\">Servidos Todos os Dias<\/h6>\n<h6 style=\"text-align: center;\">Almo\u00e7o e Jantar<\/h6>\n[\/vc_column_text][\/vc_column][\/vc_row][vc_row full_width=&#8221;stretch_row&#8221; equal_height=&#8221;yes&#8221; content_placement=&#8221;top&#8221; css=&#8221;.vc_custom_1694783005170{margin-top: 0px !important;margin-right: 25px !important;margin-left: 25px !important;background-color: #f2f2f2 !important;}&#8221;][vc_column parallax=&#8221;content-moving-fade&#8221; css_animation=&#8221;bounceInUp&#8221; width=&#8221;1\/4&#8243; curly_bg_position=&#8221;bg-pos-center-center&#8221; curly_padding=&#8221;content-padding-xs&#8221;][vc_single_image image=&#8221;1023&#8243; img_size=&#8221;m\u00e9dia&#8221; alignment=&#8221;center&#8221; style=&#8221;vc_box_outline_circle_2&#8243; onclick=&#8221;zoom&#8221; css_animation=&#8221;zoomIn&#8221;][vc_column_text]\n<p style=\"text-align: center;\"><strong>Camar\u00e3o Saint Jacques<\/strong><br \/>\nCamar\u00f5es grandes recheados com catupiry e empanados \u00e0 milanesa. Acompanha batatas fritas e arroz \u00e0 grega.<br \/>\n(para 1 pessoa)<br \/>\n(para 2 pessoas)[\/vc_column_text][\/vc_column][vc_column width=&#8221;1\/4&#8243; css=&#8221;.vc_custom_1694636583213{margin-top: 37px !important;}&#8221;][vc_single_image image=&#8221;1110&#8243; img_size=&#8221;m\u00e9dia&#8221; alignment=&#8221;center&#8221; style=&#8221;vc_box_outline_circle_2&#8243; onclick=&#8221;zoom&#8221; css_animation=&#8221;zoomIn&#8221;][vc_column_text]\n<p style=\"text-align: center;\"><strong>Camar\u00e3o \u00e0 Grega<\/strong><br \/>\nCamar\u00f5es m\u00e9dios \u00e0 milanesa. Acompanha batatas fritas e arroz \u00e0 grega.<br \/>\n(serve 2 a 3 pessoas)[\/vc_column_text][\/vc_column][vc_column width=&#8221;1\/4&#8243; css=&#8221;.vc_custom_1694636627500{margin-top: 37px !important;}&#8221;][vc_single_image image=&#8221;1716&#8243; img_size=&#8221;m\u00e9dia&#8221; alignment=&#8221;center&#8221; style=&#8221;vc_box_outline_circle_2&#8243; onclick=&#8221;zoom&#8221; css_animation=&#8221;zoomIn&#8221;][vc_column_text]\n<p style=\"text-align: center;\"><strong>Camar\u00e3o S\u00e3o Jos\u00e9<\/strong><br \/>\n8 ou 12 unidades de camar\u00f5es empanados e<br \/>\nrecheados com catupiry. Arroz cremoso com uva passa e batata palha.<br \/>\n(serve 1 a 2 pessoas)<br \/>\n(serve 2 a 3 pessoas)[\/vc_column_text][\/vc_column][vc_column width=&#8221;1\/4&#8243; css=&#8221;.vc_custom_1694636680662{margin-top: 37px !important;}&#8221;][vc_single_image image=&#8221;1116&#8243; img_size=&#8221;m\u00e9dia&#8221; alignment=&#8221;center&#8221; style=&#8221;vc_box_outline_circle_2&#8243; onclick=&#8221;zoom&#8221; css_animation=&#8221;zoomIn&#8221;][vc_column_text]\n<p style=\"text-align: center;\"><strong>Camar\u00e3o \u00e0 Baiana<\/strong><br \/>\nCamar\u00f5es m\u00e9dios cozidos e refogados ao molho de tomate, leite de coco, azeite de dend\u00ea, cebolas, piment\u00f5es picados e pimenta. Acompanha batatas fritas e arroz branco.<br \/>\n(serve 2 a 3 pessoas)[\/vc_column_text][\/vc_column][\/vc_row][vc_row full_width=&#8221;stretch_row&#8221; equal_height=&#8221;yes&#8221; content_placement=&#8221;top&#8221; css=&#8221;.vc_custom_1694783005170{margin-top: 0px !important;margin-right: 25px !important;margin-left: 25px !important;background-color: #f2f2f2 !important;}&#8221;][vc_column parallax=&#8221;content-moving-fade&#8221; css_animation=&#8221;bounceInUp&#8221; width=&#8221;1\/4&#8243; curly_bg_position=&#8221;bg-pos-center-center&#8221; curly_padding=&#8221;content-padding-xs&#8221;][vc_single_image image=&#8221;1041&#8243; img_size=&#8221;m\u00e9dia&#8221; alignment=&#8221;center&#8221; style=&#8221;vc_box_outline_circle_2&#8243; onclick=&#8221;zoom&#8221; css_animation=&#8221;zoomIn&#8221;][vc_column_text]\n<p style=\"text-align: center;\"><strong>Bob\u00f3 de Camar\u00e3o<\/strong><br \/>\nCamar\u00f5es m\u00e9dios cozidos e refogados ao molho de tomate, leite de coco, creme de mandioquinha e milho. Acompanha batatas fritas e arroz branco.<br \/>\n(serve 2 a 3 pessoas)[\/vc_column_text][\/vc_column][vc_column width=&#8221;1\/4&#8243; css=&#8221;.vc_custom_1694636583213{margin-top: 37px !important;}&#8221;][vc_single_image image=&#8221;1113&#8243; img_size=&#8221;m\u00e9dia&#8221; alignment=&#8221;center&#8221; style=&#8221;vc_box_outline_circle_2&#8243; onclick=&#8221;zoom&#8221; css_animation=&#8221;zoomIn&#8221;][vc_column_text]\n<p style=\"text-align: center;\"><strong>Strogonoff de Camar\u00e3o<\/strong><br \/>\nCamar\u00f5es m\u00e9dios cozidos e refogados ao molho branco, molho de tomate, creme de leite, catchup e mostarda. Acompanha batatas fritas e arroz branco.<br \/>\n(serve 2 a 3 pessoas)[\/vc_column_text][\/vc_column][vc_column width=&#8221;1\/4&#8243; css=&#8221;.vc_custom_1694636627500{margin-top: 37px !important;}&#8221;][vc_single_image image=&#8221;1060&#8243; img_size=&#8221;m\u00e9dia&#8221; alignment=&#8221;center&#8221; style=&#8221;vc_box_outline_circle_2&#8243; onclick=&#8221;zoom&#8221; css_animation=&#8221;zoomIn&#8221;][vc_column_text]\n<p style=\"text-align: center;\"><strong>Camar\u00e3o \u00e0 Moda da Casa<\/strong><br \/>\nCamar\u00f5es grandes limpos, cozidos e refogados ao molho branco com creme de leite, mostarda, p\u00e1prica doce, ma\u00e7\u00e3 verde em fatias e castanhas mo\u00eddas. Acompanha risoto de espinafre.<br \/>\n(serve 1 pessoa)[\/vc_column_text][\/vc_column][vc_column width=&#8221;1\/4&#8243; css=&#8221;.vc_custom_1694636680662{margin-top: 37px !important;}&#8221;][vc_single_image image=&#8221;1058&#8243; img_size=&#8221;m\u00e9dia&#8221; alignment=&#8221;center&#8221; style=&#8221;vc_box_outline_circle_2&#8243; onclick=&#8221;zoom&#8221; css_animation=&#8221;zoomIn&#8221;][vc_column_text]\n<p style=\"text-align: center;\"><strong>Camar\u00e3o ao Molho Champagne<\/strong><br \/>\nCamar\u00f5es grandes limpos, cozidos e refogados ao molho de champagne. Acompanha risoto de espinafre.<br \/>\n(serve 1 pessoa)[\/vc_column_text][\/vc_column][\/vc_row][vc_row full_width=&#8221;stretch_row&#8221; equal_height=&#8221;yes&#8221; content_placement=&#8221;top&#8221; css=&#8221;.vc_custom_1694783005170{margin-top: 0px !important;margin-right: 25px !important;margin-left: 25px !important;background-color: #f2f2f2 !important;}&#8221;][vc_column parallax=&#8221;content-moving-fade&#8221; css_animation=&#8221;bounceInUp&#8221; width=&#8221;1\/4&#8243; curly_bg_position=&#8221;bg-pos-center-center&#8221; curly_padding=&#8221;content-padding-xs&#8221;][vc_single_image image=&#8221;1042&#8243; img_size=&#8221;m\u00e9dia&#8221; alignment=&#8221;center&#8221; style=&#8221;vc_box_outline_circle_2&#8243; onclick=&#8221;zoom&#8221; css_animation=&#8221;zoomIn&#8221;][vc_column_text]\n<p style=\"text-align: center;\"><strong>Camar\u00e3o ao Molho Moranga<\/strong><br \/>\nCamar\u00f5es m\u00e9dios cozidos e refogados ao creme de moranga e catupiry. Acompanha batatas fritas e arroz branco.<br \/>\n(serve 2 a 3 pessoas)[\/vc_column_text][\/vc_column][vc_column width=&#8221;1\/4&#8243; css=&#8221;.vc_custom_1694636583213{margin-top: 37px !important;}&#8221;][vc_single_image image=&#8221;1717&#8243; img_size=&#8221;m\u00e9dia&#8221; alignment=&#8221;center&#8221; style=&#8221;vc_box_outline_circle_2&#8243; onclick=&#8221;zoom&#8221; css_animation=&#8221;zoomIn&#8221;][vc_column_text]\n<p style=\"text-align: center;\"><strong>Moqueca de Camar\u00e3o<\/strong><br \/>\nCamar\u00f5es m\u00e9dios cozidos e refogados ao molho de tomate, leite de coco, azeite de dend\u00ea, piment\u00f5es e cebolas. Acompanha pir\u00e3o de peixe, farofa de dend\u00ea e arroz.<br \/>\n(serve 2 a 3 pessoas)[\/vc_column_text][\/vc_column][vc_column width=&#8221;1\/4&#8243; css=&#8221;.vc_custom_1694636627500{margin-top: 37px !important;}&#8221;][vc_single_image image=&#8221;1117&#8243; img_size=&#8221;m\u00e9dia&#8221; alignment=&#8221;center&#8221; style=&#8221;vc_box_outline_circle_2&#8243; onclick=&#8221;zoom&#8221; css_animation=&#8221;zoomIn&#8221;][vc_column_text]\n<p style=\"text-align: center;\"><strong>Camar\u00e3o ao Catupiry<\/strong><br \/>\nCamar\u00f5es m\u00e9dios cozidos e refogados ao creme de molho branco e catupiry. Acompanha batatas fritas e arroz branco.<br \/>\n(serve 2 a 3 pessoas)[\/vc_column_text][\/vc_column][vc_column width=&#8221;1\/4&#8243; css=&#8221;.vc_custom_1694636680662{margin-top: 37px !important;}&#8221;][vc_single_image image=&#8221;1036&#8243; img_size=&#8221;m\u00e9dia&#8221; alignment=&#8221;center&#8221; style=&#8221;vc_box_outline_circle_2&#8243; onclick=&#8221;zoom&#8221; css_animation=&#8221;zoomIn&#8221;][vc_column_text]\n<p style=\"text-align: center;\"><strong>Risoto de Camar\u00e3o<\/strong><br \/>\nRisoto com camar\u00f5es m\u00e9dios refogados e cozidos com creme de leite, a\u00e7afr\u00e3o, palmito e ervilhas.<br \/>\n(serve 2 a 3 pessoas)[\/vc_column_text][\/vc_column][\/vc_row][vc_row full_width=&#8221;stretch_row&#8221; equal_height=&#8221;yes&#8221; content_placement=&#8221;top&#8221; css=&#8221;.vc_custom_1694783005170{margin-top: 0px !important;margin-right: 25px !important;margin-left: 25px !important;background-color: #f2f2f2 !important;}&#8221;][vc_column parallax=&#8221;content-moving-fade&#8221; css_animation=&#8221;bounceInUp&#8221; width=&#8221;1\/4&#8243; curly_bg_position=&#8221;bg-pos-center-center&#8221; curly_padding=&#8221;content-padding-xs&#8221;][vc_single_image image=&#8221;1049&#8243; img_size=&#8221;m\u00e9dia&#8221; alignment=&#8221;center&#8221; style=&#8221;vc_box_outline_circle_2&#8243; onclick=&#8221;zoom&#8221; css_animation=&#8221;zoomIn&#8221;][vc_column_text]\n<p style=\"text-align: center;\"><strong>Camar\u00e3o Capri<\/strong><br \/>\nCamar\u00f5es grandes (8 unid.) com casca e cabe\u00e7a refogados ao azeite e alho. Acompanha arroz de br\u00f3colis com alho frito e palmitos puxados na manteiga.<br \/>\n(serve 2pessoas)[\/vc_column_text][\/vc_column][\/vc_row][vc_row full_width=&#8221;stretch_row&#8221; curly_padding=&#8221;content-padding-xs&#8221; el_class=&#8221;color&#8211;text-inverted xtd-background-animation&#8211;left-right&#8221; css=&#8221;.vc_custom_1694784274463{background: #dd9933 url(http:\/\/localhost\/dentist\/wp-content\/uploads\/sites\/20\/2017\/06\/Seamlessteethlight-bluepattern_d9c7faf5-9516-4c8b-af46-05a4aa273320-2.png?id=283) !important;}&#8221;][vc_column][vc_column_text]\n<h6 style=\"text-align: center;\"><strong>CONTATOS e RESERVAS<\/strong><\/h6>\n<p style=\"text-align: center;\"><strong>Tels:\u00a0<\/strong> 19 3885-0866 e 19 3885-0833<br \/>\n<strong>Whatsapp:\u00a0<\/strong> 19 3885-0866 (somente para mensagem)<br \/>\nE-mail: <a href=\"http:\/\/&quot;mailto:mqcindaiatuba@gmail.com&quot;\">mqcindaiatuba@gmail.com<\/a><\/p>\n[\/vc_column_text][\/vc_column][\/vc_row][vc_row xtender_is_modal=&#8221;true&#8221; el_id=&#8221;modal&#8221;][vc_column][vc_column_text][ninja_form id=&#8221;1&#8243;][\/vc_column_text][\/vc_column][\/vc_row][vc_row][vc_column][vc_column_text][\/vc_column_text][\/vc_column][\/vc_row]\n<\/section>","protected":false},"excerpt":{"rendered":"<p>[vc_row content_placement=&#8221;middle&#8221; parallax=&#8221;content-moving-fade&#8221; parallax_image=&#8221;1718&#8243; css_animation=&#8221;fadeIn&#8221; curly_bg_parallax=&#8221;true&#8221;][vc_column css=&#8221;.vc_custom_1694783834725{margin-right: 20px !important;margin-left: 20px !important;}&#8221;][vc_column_text css=&#8221;.vc_custom_1702306014704{margin-right: 15px !important;}&#8221;] Camar\u00e3o Pratos \u00e0 La Carte Servidos Todos os Dias Almo\u00e7o e Jantar [\/vc_column_text][\/vc_column][\/vc_row][vc_row full_width=&#8221;stretch_row&#8221; equal_height=&#8221;yes&#8221; content_placement=&#8221;top&#8221; css=&#8221;.vc_custom_1694783005170{margin-top: 0px !important;margin-right: 25px !important;margin-left: 25px !important;background-color: #f2f2f2 !important;}&#8221;][vc_column parallax=&#8221;content-moving-fade&#8221; css_animation=&#8221;bounceInUp&#8221; width=&#8221;1\/4&#8243; curly_bg_position=&#8221;bg-pos-center-center&#8221; curly_padding=&#8221;content-padding-xs&#8221;][vc_single_image image=&#8221;1023&#8243; img_size=&#8221;m\u00e9dia&#8221; alignment=&#8221;center&#8221; style=&#8221;vc_box_outline_circle_2&#8243; onclick=&#8221;zoom&#8221; css_animation=&#8221;zoomIn&#8221;][vc_column_text] Camar\u00e3o Saint Jacques Camar\u00f5es grandes recheados com catupiry e empanados [&hellip;]<\/p>\n","protected":false},"author":1,"featured_media":0,"parent":0,"menu_order":0,"comment_status":"closed","ping_status":"closed","template":"","meta":{"inline_featured_image":false},"_links":{"self":[{"href":"https:\/\/muquecarestaurante.com.br\/index.php?rest_route=\/wp\/v2\/pages\/1710"}],"collection":[{"href":"https:\/\/muquecarestaurante.com.br\/index.php?rest_route=\/wp\/v2\/pages"}],"about":[{"href":"https:\/\/muquecarestaurante.com.br\/index.php?rest_route=\/wp\/v2\/types\/page"}],"author":[{"embeddable":true,"href":"https:\/\/muquecarestaurante.com.br\/index.php?rest_route=\/wp\/v2\/users\/1"}],"replies":[{"embeddable":true,"href":"https:\/\/muquecarestaurante.com.br\/index.php?rest_route=%2Fwp%2Fv2%2Fcomments&post=1710"}],"version-history":[{"count":7,"href":"https:\/\/muquecarestaurante.com.br\/index.php?rest_route=\/wp\/v2\/pages\/1710\/revisions"}],"predecessor-version":[{"id":2109,"href":"https:\/\/muquecarestaurante.com.br\/index.php?rest_route=\/wp\/v2\/pages\/1710\/revisions\/2109"}],"wp:attachment":[{"href":"https:\/\/muquecarestaurante.com.br\/index.php?rest_route=%2Fwp%2Fv2%2Fmedia&parent=1710"}],"curies":[{"name":"wp","href":"https:\/\/api.w.org\/{rel}","templated":true}]}}