{"id":1720,"date":"2023-10-11T11:13:14","date_gmt":"2023-10-11T14:13:14","guid":{"rendered":"https:\/\/muquecarestaurante.com.br\/?page_id=1720"},"modified":"2024-01-17T10:21:03","modified_gmt":"2024-01-17T13:21:03","slug":"patients-2-2-2-3-3","status":"publish","type":"page","link":"https:\/\/muquecarestaurante.com.br\/?page_id=1720","title":{"rendered":"Por\u00e7\u00f5es e Saladas"},"content":{"rendered":"<section class=\"wpb-content-wrapper\">[vc_row content_placement=&#8221;middle&#8221; parallax=&#8221;content-moving-fade&#8221; parallax_image=&#8221;1639&#8243; css_animation=&#8221;fadeIn&#8221; curly_bg_parallax=&#8221;true&#8221; css=&#8221;.vc_custom_1696967176865{background-color: #c4c4c4 !important;}&#8221;][vc_column css=&#8221;.vc_custom_1696966652016{margin-right: 20px !important;margin-left: 20px !important;}&#8221;][vc_column_text css=&#8221;.vc_custom_1702304424244{margin-right: 15px !important;}&#8221;]\n<h2 class=\"special-title\" style=\"text-align: center;\"><strong>Por\u00e7\u00f5es e Saladas<\/strong><\/h2>\n<h6 style=\"text-align: center;\"><strong>Pratos Executivos<\/strong><\/h6>\n<h6 style=\"text-align: center;\">Servidos de Seg. \u00e0 Sex. at\u00e9 \u00e0s 18h.<\/h6>\n<h6 style=\"text-align: center;\">Exceto feriados<\/h6>\n[\/vc_column_text][\/vc_column][\/vc_row][vc_row full_width=&#8221;stretch_row&#8221; equal_height=&#8221;yes&#8221; content_placement=&#8221;top&#8221; css=&#8221;.vc_custom_1694783005170{margin-top: 0px !important;margin-right: 25px !important;margin-left: 25px !important;background-color: #f2f2f2 !important;}&#8221;][vc_column parallax=&#8221;content-moving-fade&#8221; css_animation=&#8221;bounceInUp&#8221; width=&#8221;1\/4&#8243; curly_bg_position=&#8221;bg-pos-center-center&#8221; curly_padding=&#8221;content-padding-xs&#8221;][vc_single_image image=&#8221;1635&#8243; img_size=&#8221;m\u00e9dia&#8221; alignment=&#8221;center&#8221; style=&#8221;vc_box_outline_circle_2&#8243; onclick=&#8221;zoom&#8221; css_animation=&#8221;zoomIn&#8221;][vc_column_text]\n<p style=\"text-align: center;\"><strong>Lula \u00e0 Dor\u00ea<\/strong><br \/>\nPor\u00e7\u00e3o[\/vc_column_text][\/vc_column][vc_column width=&#8221;1\/4&#8243; css=&#8221;.vc_custom_1695042506511{margin-top: 37px !important;}&#8221;][vc_single_image image=&#8221;1112&#8243; img_size=&#8221;m\u00e9dia&#8221; alignment=&#8221;center&#8221; style=&#8221;vc_box_outline_circle_2&#8243; onclick=&#8221;zoom&#8221; css_animation=&#8221;zoomIn&#8221;][vc_column_text]\n<p style=\"text-align: center;\"><strong>Isca de Cambucu<\/strong><br \/>\nPor\u00e7\u00e3o[\/vc_column_text][\/vc_column][vc_column width=&#8221;1\/4&#8243; css=&#8221;.vc_custom_1695042513715{margin-top: 37px !important;}&#8221;][vc_single_image image=&#8221;1016&#8243; img_size=&#8221;m\u00e9dia&#8221; alignment=&#8221;center&#8221; style=&#8221;vc_box_outline_circle_2&#8243; onclick=&#8221;zoom&#8221; css_animation=&#8221;zoomIn&#8221;][vc_column_text]\n<p style=\"text-align: center;\"><strong>Isca de Abadejo<\/strong><br \/>\nPor\u00e7\u00e3o[\/vc_column_text][\/vc_column][vc_column width=&#8221;1\/4&#8243; css=&#8221;.vc_custom_1695042522457{margin-top: 37px !important;}&#8221;][vc_single_image image=&#8221;1020&#8243; img_size=&#8221;m\u00e9dia&#8221; alignment=&#8221;center&#8221; style=&#8221;vc_box_outline_circle_2&#8243; onclick=&#8221;zoom&#8221; css_animation=&#8221;zoomIn&#8221;][vc_column_text]\n<p style=\"text-align: center;\"><strong>Casquinha de Siri<\/strong><br \/>\nUnidade[\/vc_column_text][\/vc_column][\/vc_row][vc_row full_width=&#8221;stretch_row&#8221; equal_height=&#8221;yes&#8221; content_placement=&#8221;top&#8221; curly_padding=&#8221;content-padding-none&#8221; css=&#8221;.vc_custom_1696965909744{margin-top: 0px !important;margin-right: 25px !important;margin-left: 25px !important;background-color: #f2f2f2 !important;}&#8221;][vc_column parallax=&#8221;content-moving-fade&#8221; css_animation=&#8221;bounceInUp&#8221; width=&#8221;1\/4&#8243; curly_bg_position=&#8221;bg-pos-center-center&#8221; curly_padding=&#8221;content-padding-xs&#8221;][vc_single_image image=&#8221;1634&#8243; img_size=&#8221;m\u00e9dia&#8221; alignment=&#8221;center&#8221; style=&#8221;vc_box_outline_circle_2&#8243; onclick=&#8221;zoom&#8221; css_animation=&#8221;zoomIn&#8221;][vc_column_text]\n<p style=\"text-align: center;\"><strong>Camar\u00e3o Pistola<\/strong><br \/>\nUnidade[\/vc_column_text][\/vc_column][vc_column width=&#8221;1\/4&#8243; css=&#8221;.vc_custom_1695042506511{margin-top: 37px !important;}&#8221;][vc_single_image image=&#8221;1031&#8243; img_size=&#8221;m\u00e9dia&#8221; alignment=&#8221;center&#8221; style=&#8221;vc_box_outline_circle_2&#8243; onclick=&#8221;zoom&#8221; css_animation=&#8221;zoomIn&#8221;][vc_column_text]\n<p style=\"text-align: center;\"><strong>Pastel de Camar\u00e3o e Pastel de Queijo<\/strong><br \/>\nUnidade ou Por\u00e7\u00e3o[\/vc_column_text][\/vc_column][vc_column width=&#8221;1\/4&#8243; css=&#8221;.vc_custom_1695042513715{margin-top: 37px !important;}&#8221;][vc_single_image image=&#8221;1018&#8243; img_size=&#8221;m\u00e9dia&#8221; alignment=&#8221;center&#8221; style=&#8221;vc_box_outline_circle_2&#8243; onclick=&#8221;zoom&#8221; css_animation=&#8221;zoomIn&#8221;][vc_column_text]\n<p style=\"text-align: center;\"><strong>Bolinho de Siri (40g)<\/strong><br \/>\nUnidade ou Por\u00e7\u00e3o[\/vc_column_text][\/vc_column][vc_column width=&#8221;1\/4&#8243; css=&#8221;.vc_custom_1695042522457{margin-top: 37px !important;}&#8221;][vc_single_image image=&#8221;1018&#8243; img_size=&#8221;m\u00e9dia&#8221; alignment=&#8221;center&#8221; style=&#8221;vc_box_outline_circle_2&#8243; onclick=&#8221;zoom&#8221; css_animation=&#8221;zoomIn&#8221;][vc_column_text]\n<p style=\"text-align: center;\"><strong>Bolinho de Bacalhau<\/strong><br \/>\nUnidade ou Por\u00e7\u00e3o[\/vc_column_text][\/vc_column][\/vc_row][vc_row full_width=&#8221;stretch_row&#8221; equal_height=&#8221;yes&#8221; content_placement=&#8221;top&#8221; css=&#8221;.vc_custom_1694783005170{margin-top: 0px !important;margin-right: 25px !important;margin-left: 25px !important;background-color: #f2f2f2 !important;}&#8221;][vc_column parallax=&#8221;content-moving-fade&#8221; css_animation=&#8221;bounceInUp&#8221; width=&#8221;1\/4&#8243; curly_bg_position=&#8221;bg-pos-center-center&#8221; curly_padding=&#8221;content-padding-xs&#8221;][vc_single_image image=&#8221;1019&#8243; img_size=&#8221;m\u00e9dia&#8221; alignment=&#8221;center&#8221; style=&#8221;vc_box_outline_circle_2&#8243; onclick=&#8221;zoom&#8221; css_animation=&#8221;zoomIn&#8221;][vc_column_text]\n<p style=\"text-align: center;\"><strong>Bolinho de Abadejo<\/strong><br \/>\nUnidade ou Por\u00e7\u00e3o[\/vc_column_text][\/vc_column][vc_column width=&#8221;1\/4&#8243; css=&#8221;.vc_custom_1695042506511{margin-top: 37px !important;}&#8221;][vc_single_image image=&#8221;1856&#8243; img_size=&#8221;m\u00e9dia&#8221; alignment=&#8221;center&#8221; style=&#8221;vc_box_outline_circle_2&#8243; onclick=&#8221;zoom&#8221; css_animation=&#8221;zoomIn&#8221;][vc_column_text]\n<p style=\"text-align: center;\"><strong>Salada Verde<\/strong><br \/>\nTemperada[\/vc_column_text][\/vc_column][vc_column width=&#8221;1\/4&#8243; css=&#8221;.vc_custom_1695042513715{margin-top: 37px !important;}&#8221;][vc_single_image image=&#8221;1855&#8243; img_size=&#8221;m\u00e9dia&#8221; alignment=&#8221;center&#8221; style=&#8221;vc_box_outline_circle_2&#8243; onclick=&#8221;zoom&#8221; css_animation=&#8221;zoomIn&#8221;][vc_column_text]\n<p style=\"text-align: center;\"><strong>Salada Verde com Palmito<\/strong><br \/>\nTemperada[\/vc_column_text][\/vc_column][vc_column width=&#8221;1\/4&#8243; css=&#8221;.vc_custom_1695042522457{margin-top: 37px !important;}&#8221;][\/vc_column][\/vc_row][vc_row full_width=&#8221;stretch_row&#8221; curly_padding=&#8221;content-padding-xs&#8221; el_class=&#8221;color&#8211;text-inverted xtd-background-animation&#8211;left-right&#8221; css=&#8221;.vc_custom_1694784274463{background: #dd9933 url(http:\/\/localhost\/dentist\/wp-content\/uploads\/sites\/20\/2017\/06\/Seamlessteethlight-bluepattern_d9c7faf5-9516-4c8b-af46-05a4aa273320-2.png?id=283) !important;}&#8221;][vc_column][vc_column_text]\n<h6 style=\"text-align: center;\"><strong>CONTATOS e RESERVAS<\/strong><\/h6>\n<p style=\"text-align: center;\"><strong>Tels:\u00a0<\/strong> 19 3885-0866 e 19 3885-0833<br \/>\n<strong>Whatsapp:\u00a0<\/strong> 19 3885-0866 (somente para mensagem)<br \/>\nE-mail: <a href=\"http:\/\/&quot;mailto:mqcindaiatuba@gmail.com&quot;\">mqcindaiatuba@gmail.com<\/a><\/p>\n[\/vc_column_text][\/vc_column][\/vc_row]\n<\/section>","protected":false},"excerpt":{"rendered":"<p>[vc_row content_placement=&#8221;middle&#8221; parallax=&#8221;content-moving-fade&#8221; parallax_image=&#8221;1639&#8243; css_animation=&#8221;fadeIn&#8221; curly_bg_parallax=&#8221;true&#8221; css=&#8221;.vc_custom_1696967176865{background-color: #c4c4c4 !important;}&#8221;][vc_column css=&#8221;.vc_custom_1696966652016{margin-right: 20px !important;margin-left: 20px !important;}&#8221;][vc_column_text css=&#8221;.vc_custom_1702304424244{margin-right: 15px !important;}&#8221;] Por\u00e7\u00f5es e Saladas Pratos Executivos Servidos de Seg. \u00e0 Sex. at\u00e9 \u00e0s 18h. Exceto feriados [\/vc_column_text][\/vc_column][\/vc_row][vc_row full_width=&#8221;stretch_row&#8221; equal_height=&#8221;yes&#8221; content_placement=&#8221;top&#8221; css=&#8221;.vc_custom_1694783005170{margin-top: 0px !important;margin-right: 25px !important;margin-left: 25px !important;background-color: #f2f2f2 !important;}&#8221;][vc_column parallax=&#8221;content-moving-fade&#8221; css_animation=&#8221;bounceInUp&#8221; width=&#8221;1\/4&#8243; curly_bg_position=&#8221;bg-pos-center-center&#8221; curly_padding=&#8221;content-padding-xs&#8221;][vc_single_image image=&#8221;1635&#8243; img_size=&#8221;m\u00e9dia&#8221; alignment=&#8221;center&#8221; style=&#8221;vc_box_outline_circle_2&#8243; onclick=&#8221;zoom&#8221; css_animation=&#8221;zoomIn&#8221;][vc_column_text] Lula \u00e0 Dor\u00ea Por\u00e7\u00e3o[\/vc_column_text][\/vc_column][vc_column [&hellip;]<\/p>\n","protected":false},"author":1,"featured_media":0,"parent":0,"menu_order":0,"comment_status":"closed","ping_status":"closed","template":"","meta":{"inline_featured_image":false},"_links":{"self":[{"href":"https:\/\/muquecarestaurante.com.br\/index.php?rest_route=\/wp\/v2\/pages\/1720"}],"collection":[{"href":"https:\/\/muquecarestaurante.com.br\/index.php?rest_route=\/wp\/v2\/pages"}],"about":[{"href":"https:\/\/muquecarestaurante.com.br\/index.php?rest_route=\/wp\/v2\/types\/page"}],"author":[{"embeddable":true,"href":"https:\/\/muquecarestaurante.com.br\/index.php?rest_route=\/wp\/v2\/users\/1"}],"replies":[{"embeddable":true,"href":"https:\/\/muquecarestaurante.com.br\/index.php?rest_route=%2Fwp%2Fv2%2Fcomments&post=1720"}],"version-history":[{"count":11,"href":"https:\/\/muquecarestaurante.com.br\/index.php?rest_route=\/wp\/v2\/pages\/1720\/revisions"}],"predecessor-version":[{"id":2111,"href":"https:\/\/muquecarestaurante.com.br\/index.php?rest_route=\/wp\/v2\/pages\/1720\/revisions\/2111"}],"wp:attachment":[{"href":"https:\/\/muquecarestaurante.com.br\/index.php?rest_route=%2Fwp%2Fv2%2Fmedia&parent=1720"}],"curies":[{"name":"wp","href":"https:\/\/api.w.org\/{rel}","templated":true}]}}