{"id":1887,"date":"2023-10-11T14:17:47","date_gmt":"2023-10-11T17:17:47","guid":{"rendered":"https:\/\/muquecarestaurante.com.br\/?page_id=1887"},"modified":"2024-01-17T10:23:24","modified_gmt":"2024-01-17T13:23:24","slug":"patients-2-2-2-3-3-2-2-2-2","status":"publish","type":"page","link":"https:\/\/muquecarestaurante.com.br\/?page_id=1887","title":{"rendered":"Carnes &#8211; Executivo"},"content":{"rendered":"<section class=\"wpb-content-wrapper\">[vc_row content_placement=&#8221;middle&#8221; parallax=&#8221;content-moving-fade&#8221; parallax_image=&#8221;1890&#8243; css_animation=&#8221;fadeIn&#8221; curly_bg_parallax=&#8221;true&#8221; css=&#8221;.vc_custom_1697044882946{background-color: #c4c4c4 !important;}&#8221;][vc_column css=&#8221;.vc_custom_1696966652016{margin-right: 20px !important;margin-left: 20px !important;}&#8221;][vc_column_text css=&#8221;.vc_custom_1702304884178{margin-right: 15px !important;}&#8221;]\n<h2 class=\"special-title\" style=\"text-align: center;\"><strong>Carnes<\/strong><\/h2>\n<h6 style=\"text-align: center;\"><strong>Pratos Executivos<\/strong><\/h6>\n<h6 style=\"text-align: center;\">Servidos de Seg. \u00e0 Sex. at\u00e9 \u00e0s 18h.<\/h6>\n<h6 style=\"text-align: center;\">Exceto feriados<\/h6>\n[\/vc_column_text][\/vc_column][\/vc_row][vc_row full_width=&#8221;stretch_row&#8221; equal_height=&#8221;yes&#8221; content_placement=&#8221;top&#8221; css=&#8221;.vc_custom_1694783005170{margin-top: 0px !important;margin-right: 25px !important;margin-left: 25px !important;background-color: #f2f2f2 !important;}&#8221;][vc_column parallax=&#8221;content-moving-fade&#8221; css_animation=&#8221;bounceInUp&#8221; width=&#8221;1\/4&#8243; curly_bg_position=&#8221;bg-pos-center-center&#8221; curly_padding=&#8221;content-padding-xs&#8221;][vc_single_image image=&#8221;1825&#8243; img_size=&#8221;m\u00e9dia&#8221; alignment=&#8221;center&#8221; style=&#8221;vc_box_outline_circle_2&#8243; onclick=&#8221;zoom&#8221; css_animation=&#8221;zoomIn&#8221;][vc_column_text]\n<p style=\"text-align: center;\"><strong>Escalopinho Madeira com Risoto de Abobrinha<\/strong><\/p>\n[\/vc_column_text][\/vc_column][vc_column width=&#8221;1\/4&#8243; css=&#8221;.vc_custom_1695042506511{margin-top: 37px !important;}&#8221;][vc_single_image image=&#8221;1821&#8243; img_size=&#8221;m\u00e9dia&#8221; alignment=&#8221;center&#8221; style=&#8221;vc_box_outline_circle_2&#8243; onclick=&#8221;zoom&#8221; css_animation=&#8221;zoomIn&#8221;][vc_column_text]\n<p style=\"text-align: center;\"><strong>Filet Mignon ao Molho Madeira<\/strong><br \/>\nRisoto de parmes\u00e3o.[\/vc_column_text][\/vc_column][vc_column width=&#8221;1\/4&#8243; css=&#8221;.vc_custom_1695042513715{margin-top: 37px !important;}&#8221;][vc_single_image image=&#8221;1823&#8243; img_size=&#8221;m\u00e9dia&#8221; alignment=&#8221;center&#8221; style=&#8221;vc_box_outline_circle_2&#8243; onclick=&#8221;zoom&#8221; css_animation=&#8221;zoomIn&#8221;][vc_column_text]\n<p style=\"text-align: center;\"><strong>Escalopinho Madeira com Risoto de Parmes\u00e3o<\/strong><\/p>\n[\/vc_column_text][\/vc_column][vc_column width=&#8221;1\/4&#8243;][vc_single_image image=&#8221;1829&#8243; img_size=&#8221;m\u00e9dia&#8221; alignment=&#8221;center&#8221; style=&#8221;vc_box_outline_circle_2&#8243; onclick=&#8221;zoom&#8221; css_animation=&#8221;zoomIn&#8221;][vc_column_text]\n<p style=\"text-align: center;\"><strong>Filet Mignon \u00e0 Parmegiana<\/strong><br \/>\nArroz branco e fritas.[\/vc_column_text][\/vc_column][\/vc_row][vc_row full_width=&#8221;stretch_row&#8221; equal_height=&#8221;yes&#8221; content_placement=&#8221;top&#8221; css=&#8221;.vc_custom_1694783005170{margin-top: 0px !important;margin-right: 25px !important;margin-left: 25px !important;background-color: #f2f2f2 !important;}&#8221;][vc_column parallax=&#8221;content-moving-fade&#8221; css_animation=&#8221;bounceInUp&#8221; width=&#8221;1\/4&#8243; curly_bg_position=&#8221;bg-pos-center-center&#8221; curly_padding=&#8221;content-padding-xs&#8221;][vc_single_image image=&#8221;1814&#8243; img_size=&#8221;m\u00e9dia&#8221; alignment=&#8221;center&#8221; style=&#8221;vc_box_outline_circle_2&#8243; onclick=&#8221;zoom&#8221; css_animation=&#8221;zoomIn&#8221;][vc_column_text]\n<p style=\"text-align: center;\"><strong>Filet Mignon Grelhado com Banana \u00e0 Milanesa<\/strong><br \/>\nArroz branco e fritas.[\/vc_column_text][\/vc_column][vc_column width=&#8221;1\/4&#8243; css=&#8221;.vc_custom_1695042506511{margin-top: 37px !important;}&#8221;][vc_single_image image=&#8221;1817&#8243; img_size=&#8221;m\u00e9dia&#8221; alignment=&#8221;center&#8221; style=&#8221;vc_box_outline_circle_2&#8243; onclick=&#8221;zoom&#8221; css_animation=&#8221;zoomIn&#8221;][vc_column_text]\n<p style=\"text-align: center;\"><strong>Filet Mignon \u00e0 Francesa<\/strong><br \/>\nPresunto, cebola e ervilhas puxados na manteiga. Arroz Branco e Fritas..[\/vc_column_text][\/vc_column][vc_column width=&#8221;1\/4&#8243; css=&#8221;.vc_custom_1695042513715{margin-top: 37px !important;}&#8221;][vc_single_image image=&#8221;1819&#8243; img_size=&#8221;m\u00e9dia&#8221; alignment=&#8221;center&#8221; style=&#8221;vc_box_outline_circle_2&#8243; onclick=&#8221;zoom&#8221; css_animation=&#8221;zoomIn&#8221;][vc_column_text]\n<p style=\"text-align: center;\"><strong>Filet Mignon ao Molho Mostarda<\/strong><br \/>\nArroz branco e batata sout\u00e8e.[\/vc_column_text][\/vc_column][vc_column width=&#8221;1\/4&#8243;][vc_single_image image=&#8221;1831&#8243; img_size=&#8221;m\u00e9dia&#8221; alignment=&#8221;center&#8221; style=&#8221;vc_box_outline_circle_2&#8243; onclick=&#8221;zoom&#8221; css_animation=&#8221;zoomIn&#8221;][vc_column_text]\n<p style=\"text-align: center;\"><strong>Estrogonoff de Mignon<\/strong><br \/>\nArroz branco e fritas.[\/vc_column_text][\/vc_column][\/vc_row][vc_row full_width=&#8221;stretch_row&#8221; equal_height=&#8221;yes&#8221; content_placement=&#8221;top&#8221; css=&#8221;.vc_custom_1694783005170{margin-top: 0px !important;margin-right: 25px !important;margin-left: 25px !important;background-color: #f2f2f2 !important;}&#8221;][vc_column parallax=&#8221;content-moving-fade&#8221; css_animation=&#8221;bounceInUp&#8221; width=&#8221;1\/4&#8243; curly_bg_position=&#8221;bg-pos-center-center&#8221; curly_padding=&#8221;content-padding-xs&#8221;][vc_single_image image=&#8221;1818&#8243; img_size=&#8221;m\u00e9dia&#8221; alignment=&#8221;center&#8221; style=&#8221;vc_box_outline_circle_2&#8243; onclick=&#8221;zoom&#8221; css_animation=&#8221;zoomIn&#8221;][vc_column_text]\n<p style=\"text-align: center;\"><strong>Filet Mignon ao Molho 4 Queijos<\/strong><br \/>\nArroz branco e batata sout\u00e8e.[\/vc_column_text][\/vc_column][vc_column width=&#8221;1\/4&#8243; css=&#8221;.vc_custom_1695042506511{margin-top: 37px !important;}&#8221;][vc_single_image image=&#8221;1816&#8243; img_size=&#8221;m\u00e9dia&#8221; alignment=&#8221;center&#8221; style=&#8221;vc_box_outline_circle_2&#8243; onclick=&#8221;zoom&#8221; css_animation=&#8221;zoomIn&#8221;][vc_column_text]\n<p style=\"text-align: center;\"><strong>Filet Mignon Carreteiro<\/strong><br \/>\nArroz carreteiro e Fritas..[\/vc_column_text][\/vc_column][vc_column width=&#8221;1\/4&#8243; css=&#8221;.vc_custom_1695042513715{margin-top: 37px !important;}&#8221;][vc_single_image image=&#8221;1813&#8243; img_size=&#8221;m\u00e9dia&#8221; alignment=&#8221;center&#8221; style=&#8221;vc_box_outline_circle_2&#8243; onclick=&#8221;zoom&#8221; css_animation=&#8221;zoomIn&#8221;][vc_column_text]\n<p style=\"text-align: center;\"><strong>Filet Mignon com Legumes<\/strong><br \/>\nArroz branco.[\/vc_column_text][\/vc_column][vc_column width=&#8221;1\/4&#8243;][vc_single_image image=&#8221;1830&#8243; img_size=&#8221;m\u00e9dia&#8221; alignment=&#8221;center&#8221; style=&#8221;vc_box_outline_circle_2&#8243; onclick=&#8221;zoom&#8221; css_animation=&#8221;zoomIn&#8221;][vc_column_text]\n<p style=\"text-align: center;\"><strong>Filet Villalva<\/strong><br \/>\nFilet Mignon \u00e0 milanesa coberto com mussarela, molho branco, parmes\u00e3o e ervilhas. Acompanha fritas, banana \u00e0 milanesa e arroz branco.[\/vc_column_text][\/vc_column][\/vc_row][vc_row full_width=&#8221;stretch_row&#8221; equal_height=&#8221;yes&#8221; content_placement=&#8221;top&#8221; css=&#8221;.vc_custom_1694783005170{margin-top: 0px !important;margin-right: 25px !important;margin-left: 25px !important;background-color: #f2f2f2 !important;}&#8221;][vc_column parallax=&#8221;content-moving-fade&#8221; css_animation=&#8221;bounceInUp&#8221; width=&#8221;1\/4&#8243; curly_bg_position=&#8221;bg-pos-center-center&#8221; curly_padding=&#8221;content-padding-xs&#8221;][vc_single_image image=&#8221;1822&#8243; img_size=&#8221;m\u00e9dia&#8221; alignment=&#8221;center&#8221; style=&#8221;vc_box_outline_circle_2&#8243; onclick=&#8221;zoom&#8221; css_animation=&#8221;zoomIn&#8221;][vc_column_text]\n<p style=\"text-align: center;\"><strong>Filet Mignon ao Molho Madeira com Risoto de Funghi<\/strong><\/p>\n[\/vc_column_text][\/vc_column][vc_column width=&#8221;1\/4&#8243; css=&#8221;.vc_custom_1695042506511{margin-top: 37px !important;}&#8221;][vc_single_image image=&#8221;1820&#8243; img_size=&#8221;m\u00e9dia&#8221; alignment=&#8221;center&#8221; style=&#8221;vc_box_outline_circle_2&#8243; onclick=&#8221;zoom&#8221; css_animation=&#8221;zoomIn&#8221;][vc_column_text]\n<p style=\"text-align: center;\"><strong>Filet Mignon ao Molho Madeira com Fettuccini ao Molho 4 Queijos<\/strong><\/p>\n[\/vc_column_text][\/vc_column][vc_column width=&#8221;1\/4&#8243; css=&#8221;.vc_custom_1695042513715{margin-top: 37px !important;}&#8221;][vc_single_image image=&#8221;1828&#8243; img_size=&#8221;m\u00e9dia&#8221; alignment=&#8221;center&#8221; style=&#8221;vc_box_outline_circle_2&#8243; onclick=&#8221;zoom&#8221; css_animation=&#8221;zoomIn&#8221;][vc_column_text]\n<p style=\"text-align: center;\"><strong>Filet Mignon \u00e0 Milanesa<\/strong><br \/>\nArroz \u00e0 grega e fritas.[\/vc_column_text][\/vc_column][vc_column width=&#8221;1\/4&#8243;][vc_single_image image=&#8221;1815&#8243; img_size=&#8221;m\u00e9dia&#8221; alignment=&#8221;center&#8221; style=&#8221;vc_box_outline_circle_2&#8243; onclick=&#8221;zoom&#8221; css_animation=&#8221;zoomIn&#8221;][vc_column_text]\n<p style=\"text-align: center;\"><strong>Filet Mignon com Espaguetti ao Alho e \u00d3leo<\/strong><\/p>\n[\/vc_column_text][\/vc_column][\/vc_row][vc_row full_width=&#8221;stretch_row&#8221; equal_height=&#8221;yes&#8221; content_placement=&#8221;top&#8221; css=&#8221;.vc_custom_1694783005170{margin-top: 0px !important;margin-right: 25px !important;margin-left: 25px !important;background-color: #f2f2f2 !important;}&#8221;][vc_column parallax=&#8221;content-moving-fade&#8221; css_animation=&#8221;bounceInUp&#8221; width=&#8221;1\/4&#8243; curly_bg_position=&#8221;bg-pos-center-center&#8221; curly_padding=&#8221;content-padding-xs&#8221;][vc_single_image image=&#8221;1826&#8243; img_size=&#8221;m\u00e9dia&#8221; alignment=&#8221;center&#8221; style=&#8221;vc_box_outline_circle_2&#8243; onclick=&#8221;zoom&#8221; css_animation=&#8221;zoomIn&#8221;][vc_column_text]\n<p style=\"text-align: center;\"><strong>Picanha Grelhada<\/strong><br \/>\nArroz branco, banana milanesa e fritas.[\/vc_column_text][\/vc_column][vc_column width=&#8221;1\/4&#8243; css=&#8221;.vc_custom_1695042506511{margin-top: 37px !important;}&#8221;][vc_single_image image=&#8221;1824&#8243; img_size=&#8221;m\u00e9dia&#8221; alignment=&#8221;center&#8221; style=&#8221;vc_box_outline_circle_2&#8243; onclick=&#8221;zoom&#8221; css_animation=&#8221;zoomIn&#8221;][vc_column_text]\n<p style=\"text-align: center;\"><strong>Picanha Carreteiro<\/strong><br \/>\nArroz carreteiro e fritas.[\/vc_column_text][\/vc_column][\/vc_row][vc_row full_width=&#8221;stretch_row&#8221; curly_padding=&#8221;content-padding-xs&#8221; el_class=&#8221;color&#8211;text-inverted xtd-background-animation&#8211;left-right&#8221; css=&#8221;.vc_custom_1694784274463{background: #dd9933 url(http:\/\/localhost\/dentist\/wp-content\/uploads\/sites\/20\/2017\/06\/Seamlessteethlight-bluepattern_d9c7faf5-9516-4c8b-af46-05a4aa273320-2.png?id=283) !important;}&#8221;][vc_column][vc_column_text]\n<h6 style=\"text-align: center;\"><strong>CONTATOS e RESERVAS<\/strong><\/h6>\n<p style=\"text-align: center;\"><strong>Tels:\u00a0<\/strong> 19 3885-0866 e 19 3885-0833<br \/>\n<strong>Whatsapp:\u00a0<\/strong> 19 3885-0866 (somente para mensagem)<br \/>\nE-mail: <a href=\"http:\/\/&quot;mailto:mqcindaiatuba@gmail.com&quot;\">mqcindaiatuba@gmail.com<\/a><\/p>\n[\/vc_column_text][\/vc_column][\/vc_row]\n<\/section>","protected":false},"excerpt":{"rendered":"<p>[vc_row content_placement=&#8221;middle&#8221; parallax=&#8221;content-moving-fade&#8221; parallax_image=&#8221;1890&#8243; css_animation=&#8221;fadeIn&#8221; curly_bg_parallax=&#8221;true&#8221; css=&#8221;.vc_custom_1697044882946{background-color: #c4c4c4 !important;}&#8221;][vc_column css=&#8221;.vc_custom_1696966652016{margin-right: 20px !important;margin-left: 20px !important;}&#8221;][vc_column_text css=&#8221;.vc_custom_1702304884178{margin-right: 15px !important;}&#8221;] Carnes Pratos Executivos Servidos de Seg. \u00e0 Sex. at\u00e9 \u00e0s 18h. Exceto feriados [\/vc_column_text][\/vc_column][\/vc_row][vc_row full_width=&#8221;stretch_row&#8221; equal_height=&#8221;yes&#8221; content_placement=&#8221;top&#8221; css=&#8221;.vc_custom_1694783005170{margin-top: 0px !important;margin-right: 25px !important;margin-left: 25px !important;background-color: #f2f2f2 !important;}&#8221;][vc_column parallax=&#8221;content-moving-fade&#8221; css_animation=&#8221;bounceInUp&#8221; width=&#8221;1\/4&#8243; curly_bg_position=&#8221;bg-pos-center-center&#8221; curly_padding=&#8221;content-padding-xs&#8221;][vc_single_image image=&#8221;1825&#8243; img_size=&#8221;m\u00e9dia&#8221; alignment=&#8221;center&#8221; style=&#8221;vc_box_outline_circle_2&#8243; onclick=&#8221;zoom&#8221; css_animation=&#8221;zoomIn&#8221;][vc_column_text] Escalopinho Madeira com Risoto de Abobrinha [&hellip;]<\/p>\n","protected":false},"author":1,"featured_media":0,"parent":0,"menu_order":0,"comment_status":"closed","ping_status":"closed","template":"","meta":{"inline_featured_image":false},"_links":{"self":[{"href":"https:\/\/muquecarestaurante.com.br\/index.php?rest_route=\/wp\/v2\/pages\/1887"}],"collection":[{"href":"https:\/\/muquecarestaurante.com.br\/index.php?rest_route=\/wp\/v2\/pages"}],"about":[{"href":"https:\/\/muquecarestaurante.com.br\/index.php?rest_route=\/wp\/v2\/types\/page"}],"author":[{"embeddable":true,"href":"https:\/\/muquecarestaurante.com.br\/index.php?rest_route=\/wp\/v2\/users\/1"}],"replies":[{"embeddable":true,"href":"https:\/\/muquecarestaurante.com.br\/index.php?rest_route=%2Fwp%2Fv2%2Fcomments&post=1887"}],"version-history":[{"count":7,"href":"https:\/\/muquecarestaurante.com.br\/index.php?rest_route=\/wp\/v2\/pages\/1887\/revisions"}],"predecessor-version":[{"id":2115,"href":"https:\/\/muquecarestaurante.com.br\/index.php?rest_route=\/wp\/v2\/pages\/1887\/revisions\/2115"}],"wp:attachment":[{"href":"https:\/\/muquecarestaurante.com.br\/index.php?rest_route=%2Fwp%2Fv2%2Fmedia&parent=1887"}],"curies":[{"name":"wp","href":"https:\/\/api.w.org\/{rel}","templated":true}]}}